{"id":14,"date":"2014-12-09T13:13:02","date_gmt":"2014-12-09T13:13:02","guid":{"rendered":"http:\/\/gss1.org\/?page_id=14"},"modified":"2015-02-10T11:10:28","modified_gmt":"2015-02-10T11:10:28","slug":"equipe","status":"publish","type":"page","link":"https:\/\/gss1.org\/?page_id=14","title":{"rendered":"EQUIPE"},"content":{"rendered":"<p style=\"text-align: justify;\"><a href=\"http:\/\/gss1.org\/wp-content\/uploads\/2014\/12\/logo-gss1.png\"><img loading=\"lazy\" decoding=\"async\" class=\"aligncenter  wp-image-376\" src=\"http:\/\/gss1.org\/wp-content\/uploads\/2014\/12\/logo-gss1.png\" alt=\"logo gss\" width=\"116\" height=\"117\" \/><\/a>A GSS \u00e9 formada por uma jovem equipe de estudantes, professores e pesquisadores nas diversas \u00e1reas, os quais compartilham uma vis\u00e3o em comum: A\u00a0de que o conhecimento cientifico \u00e9 um direito de todo ser humano e que a ci\u00eancia deve ser usada para mudar os rumos sociais da humanidade. Juventude que sempre procurar\u00e1 aliar a sua disposi\u00e7\u00e3o e vis\u00e3o do futuro \u00e0 experiencia e solides de institui\u00e7\u00f5es e pesquisadores que se disponham a trabalhar em conjunto conosco.<\/p>\n","protected":false},"excerpt":{"rendered":"<p>A GSS \u00e9 formada por uma jovem equipe de estudantes, professores e pesquisadores nas diversas \u00e1reas, os quais compartilham uma vis\u00e3o em comum: A\u00a0de que o conhecimento cientifico \u00e9 um direito de todo ser humano e que a ci\u00eancia deve ser usada para mudar os rumos sociais da humanidade. Juventude que sempre procurar\u00e1 aliar a [&hellip;]<\/p>\n","protected":false},"author":2,"featured_media":0,"parent":5,"menu_order":0,"comment_status":"closed","ping_status":"closed","template":"","meta":{"footnotes":""},"class_list":["post-14","page","type-page","status-publish","hentry"],"_links":{"self":[{"href":"https:\/\/gss1.org\/index.php?rest_route=\/wp\/v2\/pages\/14","targetHints":{"allow":["GET"]}}],"collection":[{"href":"https:\/\/gss1.org\/index.php?rest_route=\/wp\/v2\/pages"}],"about":[{"href":"https:\/\/gss1.org\/index.php?rest_route=\/wp\/v2\/types\/page"}],"author":[{"embeddable":true,"href":"https:\/\/gss1.org\/index.php?rest_route=\/wp\/v2\/users\/2"}],"replies":[{"embeddable":true,"href":"https:\/\/gss1.org\/index.php?rest_route=%2Fwp%2Fv2%2Fcomments&post=14"}],"version-history":[{"count":8,"href":"https:\/\/gss1.org\/index.php?rest_route=\/wp\/v2\/pages\/14\/revisions"}],"predecessor-version":[{"id":409,"href":"https:\/\/gss1.org\/index.php?rest_route=\/wp\/v2\/pages\/14\/revisions\/409"}],"up":[{"embeddable":true,"href":"https:\/\/gss1.org\/index.php?rest_route=\/wp\/v2\/pages\/5"}],"wp:attachment":[{"href":"https:\/\/gss1.org\/index.php?rest_route=%2Fwp%2Fv2%2Fmedia&parent=14"}],"curies":[{"name":"wp","href":"https:\/\/api.w.org\/{rel}","templated":true}]}}