{"id":239,"date":"2014-12-17T19:28:30","date_gmt":"2014-12-17T19:28:30","guid":{"rendered":"http:\/\/gss1.org\/?page_id=239"},"modified":"2015-02-10T11:22:32","modified_gmt":"2015-02-10T11:22:32","slug":"teresina-hacker-clube","status":"publish","type":"page","link":"https:\/\/gss1.org\/?page_id=239","title":{"rendered":"TERESINA HACKER CLUBE"},"content":{"rendered":"<p>&nbsp;<\/p>\n<p><a href=\"https:\/\/www.facebook.com\/teresinahc\/info?tab=page_info\"><img loading=\"lazy\" decoding=\"async\" class=\"aligncenter wp-image-229\" src=\"http:\/\/gss1.org\/wp-content\/uploads\/2014\/12\/10417657_626107147467619_2464778407653573618_n.png\" alt=\"10417657_626107147467619_2464778407653573618_n\" width=\"144\" height=\"150\" \/><\/a><\/p>\n<p style=\"text-align: justify;\">O Teresina Hacker Clube \u00e9 um futuro Hackerspace\u00a0que est\u00e1 sendo constru\u00eddo em Teresina, Piau\u00ed, Brasil.\u00a0Um hackerspace \u00e9 um laborat\u00f3rio comunit\u00e1rio que segue a \u00c9tica Hacker, tendo esp\u00edrito agregador, convergente e inspirador. Neste espa\u00e7o, hackers compartilham o espa\u00e7o f\u00edsico, ferramentas, materiais, projetos, ideias e tem como objetivos a socializa\u00e7\u00e3o, educa\u00e7\u00e3o, pesquisa e a pr\u00e1tica da ci\u00eancia, tecnologia, arte digital e eletr\u00f4nica de forma colaborativa.<\/p>\n","protected":false},"excerpt":{"rendered":"<p>&nbsp; O Teresina Hacker Clube \u00e9 um futuro Hackerspace\u00a0que est\u00e1 sendo constru\u00eddo em Teresina, Piau\u00ed, Brasil.\u00a0Um hackerspace \u00e9 um laborat\u00f3rio comunit\u00e1rio que segue a \u00c9tica Hacker, tendo esp\u00edrito agregador, convergente e inspirador. Neste espa\u00e7o, hackers compartilham o espa\u00e7o f\u00edsico, ferramentas, materiais, projetos, ideias e tem como objetivos a socializa\u00e7\u00e3o, educa\u00e7\u00e3o, pesquisa e a pr\u00e1tica da [&hellip;]<\/p>\n","protected":false},"author":2,"featured_media":0,"parent":52,"menu_order":0,"comment_status":"closed","ping_status":"closed","template":"","meta":{"footnotes":""},"class_list":["post-239","page","type-page","status-publish","hentry"],"_links":{"self":[{"href":"https:\/\/gss1.org\/index.php?rest_route=\/wp\/v2\/pages\/239","targetHints":{"allow":["GET"]}}],"collection":[{"href":"https:\/\/gss1.org\/index.php?rest_route=\/wp\/v2\/pages"}],"about":[{"href":"https:\/\/gss1.org\/index.php?rest_route=\/wp\/v2\/types\/page"}],"author":[{"embeddable":true,"href":"https:\/\/gss1.org\/index.php?rest_route=\/wp\/v2\/users\/2"}],"replies":[{"embeddable":true,"href":"https:\/\/gss1.org\/index.php?rest_route=%2Fwp%2Fv2%2Fcomments&post=239"}],"version-history":[{"count":4,"href":"https:\/\/gss1.org\/index.php?rest_route=\/wp\/v2\/pages\/239\/revisions"}],"predecessor-version":[{"id":241,"href":"https:\/\/gss1.org\/index.php?rest_route=\/wp\/v2\/pages\/239\/revisions\/241"}],"up":[{"embeddable":true,"href":"https:\/\/gss1.org\/index.php?rest_route=\/wp\/v2\/pages\/52"}],"wp:attachment":[{"href":"https:\/\/gss1.org\/index.php?rest_route=%2Fwp%2Fv2%2Fmedia&parent=239"}],"curies":[{"name":"wp","href":"https:\/\/api.w.org\/{rel}","templated":true}]}}