{"id":361,"date":"2014-12-18T02:27:28","date_gmt":"2014-12-18T02:27:28","guid":{"rendered":"http:\/\/gss1.org\/?page_id=361"},"modified":"2020-06-28T03:10:50","modified_gmt":"2020-06-28T03:10:50","slug":"presidente","status":"publish","type":"page","link":"https:\/\/gss1.org\/?page_id=361","title":{"rendered":"PRESIDENTE"},"content":{"rendered":"<figure id=\"attachment_410\" aria-describedby=\"caption-attachment-410\" style=\"width: 270px\" class=\"wp-caption aligncenter\"><a href=\"http:\/\/gss1.org\/wp-content\/uploads\/2014\/12\/edward.gif\"><img loading=\"lazy\" decoding=\"async\" class=\"wp-image-410\" src=\"http:\/\/gss1.org\/wp-content\/uploads\/2014\/12\/edward.gif\" alt=\"edward\" width=\"270\" height=\"250\" \/><\/a><figcaption id=\"caption-attachment-410\" class=\"wp-caption-text\">EDWARD MONTENEGRO. Cr\u00e9ditos da imagem: GSS\/Divulga\u00e7\u00e3o.<\/figcaption><\/figure>\n<p><em><strong>Edward Montenegro<\/strong><\/em><\/p>\n<ul>\n<li>Doutorando em Ci\u00eancia e Engenharia de Materiais<\/li>\n<li>Mestre em Ci\u00eancia e Engenharia de Materiais<\/li>\n<li>Graduado em F\u00edsica<\/li>\n<li>Pesquisador na \u00e1rea de metodologias de Ensino em F\u00edsica,<\/li>\n<li>Divulgador Cient\u00edfico<\/li>\n<li>S\u00f3cio Aspirante da SBF<\/li>\n<li>Prof. Est. de Astronomia na Cidade Ol\u00edmpica Educacional<\/li>\n<li>Presidente e Fundador da GSS.<\/li>\n<li><a href=\"http:\/\/lattes.cnpq.br\/8041936810141875\">CV Lattes<\/a><\/li>\n<\/ul>\n<p><a href=\"https:\/\/www.facebook.com\/EdwardMonetengroFis\"><img loading=\"lazy\" decoding=\"async\" class=\"wp-image-412 alignleft\" src=\"http:\/\/gss1.org\/wp-content\/uploads\/2014\/12\/Facebook.png\" alt=\"Facebook\" width=\"50\" height=\"50\" \/><\/a>\u00a0 \u00a0 \u00a0 \u00a0 \u00a0 \u00a0 \u00a0 \u00a0 \u00a0 \u00a0 \u00a0 \u00a0 \u00a0 \u00a0 \u00a0 \u00a0 \u00a0 \u00a0 \u00a0 \u00a0 \u00a0 \u00a0 \u00a0 \u00a0 \u00a0 \u00a0 \u00a0 \u00a0 \u00a0\u00a0<a href=\"https:\/\/twitter.com\/Edward_mont\"><img loading=\"lazy\" decoding=\"async\" class=\"wp-image-414 alignleft\" src=\"http:\/\/gss1.org\/wp-content\/uploads\/2014\/12\/twitter-bird-logo.png\" alt=\"twitter-bird-logo\" width=\"50\" height=\"50\" \/><\/a><a href=\"http:\/\/www.edwardmontenegro.com\/\"><img loading=\"lazy\" decoding=\"async\" class=\"wp-image-415 alignleft\" src=\"http:\/\/gss1.org\/wp-content\/uploads\/2014\/12\/MB__home.png\" alt=\"MB__home\" width=\"50\" height=\"50\" \/><\/a><\/p>\n","protected":false},"excerpt":{"rendered":"<p>Edward Montenegro Doutorando em Ci\u00eancia e Engenharia de Materiais Mestre em Ci\u00eancia e Engenharia de Materiais Graduado em F\u00edsica Pesquisador na \u00e1rea de metodologias de Ensino em F\u00edsica, Divulgador Cient\u00edfico S\u00f3cio Aspirante da SBF Prof. Est. de Astronomia na Cidade Ol\u00edmpica Educacional Presidente e Fundador da GSS. CV Lattes \u00a0 \u00a0 \u00a0 \u00a0 \u00a0 \u00a0 [&hellip;]<\/p>\n","protected":false},"author":2,"featured_media":0,"parent":14,"menu_order":1,"comment_status":"closed","ping_status":"closed","template":"","meta":{"footnotes":""},"class_list":["post-361","page","type-page","status-publish","hentry"],"_links":{"self":[{"href":"https:\/\/gss1.org\/index.php?rest_route=\/wp\/v2\/pages\/361","targetHints":{"allow":["GET"]}}],"collection":[{"href":"https:\/\/gss1.org\/index.php?rest_route=\/wp\/v2\/pages"}],"about":[{"href":"https:\/\/gss1.org\/index.php?rest_route=\/wp\/v2\/types\/page"}],"author":[{"embeddable":true,"href":"https:\/\/gss1.org\/index.php?rest_route=\/wp\/v2\/users\/2"}],"replies":[{"embeddable":true,"href":"https:\/\/gss1.org\/index.php?rest_route=%2Fwp%2Fv2%2Fcomments&post=361"}],"version-history":[{"count":11,"href":"https:\/\/gss1.org\/index.php?rest_route=\/wp\/v2\/pages\/361\/revisions"}],"predecessor-version":[{"id":975,"href":"https:\/\/gss1.org\/index.php?rest_route=\/wp\/v2\/pages\/361\/revisions\/975"}],"up":[{"embeddable":true,"href":"https:\/\/gss1.org\/index.php?rest_route=\/wp\/v2\/pages\/14"}],"wp:attachment":[{"href":"https:\/\/gss1.org\/index.php?rest_route=%2Fwp%2Fv2%2Fmedia&parent=361"}],"curies":[{"name":"wp","href":"https:\/\/api.w.org\/{rel}","templated":true}]}}