{"id":365,"date":"2014-12-18T02:32:13","date_gmt":"2014-12-18T02:32:13","guid":{"rendered":"http:\/\/gss1.org\/?page_id=365"},"modified":"2015-02-10T11:10:43","modified_gmt":"2015-02-10T11:10:43","slug":"vice-presidente-financeiro","status":"publish","type":"page","link":"https:\/\/gss1.org\/?page_id=365","title":{"rendered":"VICE-PRESIDENTE FINANCEIRO"},"content":{"rendered":"<p>&nbsp;<\/p>\n<figure id=\"attachment_447\" aria-describedby=\"caption-attachment-447\" style=\"width: 363px\" class=\"wp-caption aligncenter\"><a href=\"http:\/\/gss1.org\/wp-content\/uploads\/2014\/12\/anderson.gif\"><img loading=\"lazy\" decoding=\"async\" class=\"wp-image-447\" src=\"http:\/\/gss1.org\/wp-content\/uploads\/2014\/12\/anderson.gif\" alt=\"Anderson dos Anjos Sousa. Cr editos da imagem: GSS\/Divulga\u00e7\u00e3o\" width=\"363\" height=\"300\" \/><\/a><figcaption id=\"caption-attachment-447\" class=\"wp-caption-text\">Anderson dos Anjos Sousa. Cr editos da imagem: GSS\/Divulga\u00e7\u00e3o<\/figcaption><\/figure>\n<p><strong>Anderson dos Anjos Sousa:<\/strong><\/p>\n<ul>\n<li>nascimento: 10 de Agosto de 1994.<\/li>\n<li>Cursando Bacharelado em F\u00edsica na UFPI.<\/li>\n<li>Realiza pesquisas com G\u00e1s de el\u00e9trons em meio bidimensional.<\/li>\n<li>Monitor da disciplina de Matem\u00e1tica\u00a0a escola\u00a0Jo\u00e3o Fonseca-Maranh\u00e3o.<a href=\"https:\/\/www.facebook.com\/andersondos.anjos.180?fref=ts\"><img loading=\"lazy\" decoding=\"async\" class=\"aligncenter wp-image-412\" src=\"http:\/\/gss1.org\/wp-content\/uploads\/2014\/12\/Facebook.png\" alt=\"Facebook\" width=\"50\" height=\"50\" \/><\/a><\/li>\n<\/ul>\n","protected":false},"excerpt":{"rendered":"<p>&nbsp; Anderson dos Anjos Sousa: nascimento: 10 de Agosto de 1994. Cursando Bacharelado em F\u00edsica na UFPI. Realiza pesquisas com G\u00e1s de el\u00e9trons em meio bidimensional. Monitor da disciplina de Matem\u00e1tica\u00a0a escola\u00a0Jo\u00e3o Fonseca-Maranh\u00e3o.<\/p>\n","protected":false},"author":2,"featured_media":0,"parent":14,"menu_order":3,"comment_status":"closed","ping_status":"closed","template":"","meta":{"footnotes":""},"class_list":["post-365","page","type-page","status-publish","hentry"],"_links":{"self":[{"href":"https:\/\/gss1.org\/index.php?rest_route=\/wp\/v2\/pages\/365","targetHints":{"allow":["GET"]}}],"collection":[{"href":"https:\/\/gss1.org\/index.php?rest_route=\/wp\/v2\/pages"}],"about":[{"href":"https:\/\/gss1.org\/index.php?rest_route=\/wp\/v2\/types\/page"}],"author":[{"embeddable":true,"href":"https:\/\/gss1.org\/index.php?rest_route=\/wp\/v2\/users\/2"}],"replies":[{"embeddable":true,"href":"https:\/\/gss1.org\/index.php?rest_route=%2Fwp%2Fv2%2Fcomments&post=365"}],"version-history":[{"count":3,"href":"https:\/\/gss1.org\/index.php?rest_route=\/wp\/v2\/pages\/365\/revisions"}],"predecessor-version":[{"id":449,"href":"https:\/\/gss1.org\/index.php?rest_route=\/wp\/v2\/pages\/365\/revisions\/449"}],"up":[{"embeddable":true,"href":"https:\/\/gss1.org\/index.php?rest_route=\/wp\/v2\/pages\/14"}],"wp:attachment":[{"href":"https:\/\/gss1.org\/index.php?rest_route=%2Fwp%2Fv2%2Fmedia&parent=365"}],"curies":[{"name":"wp","href":"https:\/\/api.w.org\/{rel}","templated":true}]}}