{"id":367,"date":"2014-12-18T02:33:19","date_gmt":"2014-12-18T02:33:19","guid":{"rendered":"http:\/\/gss1.org\/?page_id=367"},"modified":"2015-02-10T11:10:52","modified_gmt":"2015-02-10T11:10:52","slug":"1o-tesoureira","status":"publish","type":"page","link":"https:\/\/gss1.org\/?page_id=367","title":{"rendered":"1\u00aa TESOUREIRA"},"content":{"rendered":"<p>&nbsp;<\/p>\n<figure id=\"attachment_425\" aria-describedby=\"caption-attachment-425\" style=\"width: 225px\" class=\"wp-caption aligncenter\"><a href=\"http:\/\/gss1.org\/wp-content\/uploads\/2014\/12\/10850539_401699599994227_1590979520_n.jpg\"><img loading=\"lazy\" decoding=\"async\" class=\"wp-image-425\" src=\"http:\/\/gss1.org\/wp-content\/uploads\/2014\/12\/10850539_401699599994227_1590979520_n.jpg\" alt=\"10850539_401699599994227_1590979520_n\" width=\"225\" height=\"300\" \/><\/a><figcaption id=\"caption-attachment-425\" class=\"wp-caption-text\">Evanilde Fernandes da Rocha. Cr\u00e9ditos da imagem: GSS\/divulga\u00e7\u00e3o.<\/figcaption><\/figure>\n<p>&nbsp;<\/p>\n<p><strong>Evanilde Fernandes da Rocha<\/strong>,<\/p>\n<ul>\n<li>Nascimento\u00a001 de Setembro de 1992, Caxias &#8211; MA.<\/li>\n<li>Estudante do curso licenciatura plena em f\u00edsica no\u00a0IFPI.<\/li>\n<li>T\u00e9cnica em Radiologia pelo Centro de Educa\u00e7\u00e3o Profissional\u00a0S\u00e3o Camilo.<\/li>\n<li>Pesquisadora na \u00e1rea de metodologias de Ensino.<\/li>\n<\/ul>\n<p><a href=\"https:\/\/www.facebook.com\/evanilde.fernandes.16\"><img loading=\"lazy\" decoding=\"async\" class=\"aligncenter wp-image-412\" src=\"http:\/\/gss1.org\/wp-content\/uploads\/2014\/12\/Facebook.png\" alt=\"Facebook\" width=\"50\" height=\"50\" \/><\/a><\/p>\n","protected":false},"excerpt":{"rendered":"<p>&nbsp; &nbsp; Evanilde Fernandes da Rocha, Nascimento\u00a001 de Setembro de 1992, Caxias &#8211; MA. Estudante do curso licenciatura plena em f\u00edsica no\u00a0IFPI. T\u00e9cnica em Radiologia pelo Centro de Educa\u00e7\u00e3o Profissional\u00a0S\u00e3o Camilo. Pesquisadora na \u00e1rea de metodologias de Ensino.<\/p>\n","protected":false},"author":2,"featured_media":0,"parent":14,"menu_order":4,"comment_status":"closed","ping_status":"closed","template":"","meta":{"footnotes":""},"class_list":["post-367","page","type-page","status-publish","hentry"],"_links":{"self":[{"href":"https:\/\/gss1.org\/index.php?rest_route=\/wp\/v2\/pages\/367","targetHints":{"allow":["GET"]}}],"collection":[{"href":"https:\/\/gss1.org\/index.php?rest_route=\/wp\/v2\/pages"}],"about":[{"href":"https:\/\/gss1.org\/index.php?rest_route=\/wp\/v2\/types\/page"}],"author":[{"embeddable":true,"href":"https:\/\/gss1.org\/index.php?rest_route=\/wp\/v2\/users\/2"}],"replies":[{"embeddable":true,"href":"https:\/\/gss1.org\/index.php?rest_route=%2Fwp%2Fv2%2Fcomments&post=367"}],"version-history":[{"count":4,"href":"https:\/\/gss1.org\/index.php?rest_route=\/wp\/v2\/pages\/367\/revisions"}],"predecessor-version":[{"id":426,"href":"https:\/\/gss1.org\/index.php?rest_route=\/wp\/v2\/pages\/367\/revisions\/426"}],"up":[{"embeddable":true,"href":"https:\/\/gss1.org\/index.php?rest_route=\/wp\/v2\/pages\/14"}],"wp:attachment":[{"href":"https:\/\/gss1.org\/index.php?rest_route=%2Fwp%2Fv2%2Fmedia&parent=367"}],"curies":[{"name":"wp","href":"https:\/\/api.w.org\/{rel}","templated":true}]}}