{"id":392,"date":"2014-12-18T13:37:31","date_gmt":"2014-12-18T13:37:31","guid":{"rendered":"http:\/\/gss1.org\/?page_id=392"},"modified":"2015-02-10T11:11:00","modified_gmt":"2015-02-10T11:11:00","slug":"2a-secretaria","status":"publish","type":"page","link":"https:\/\/gss1.org\/?page_id=392","title":{"rendered":"2\u00aa SECRETARIA"},"content":{"rendered":"<p><a href=\"http:\/\/gss1.org\/wp-content\/uploads\/2014\/12\/altAmaeobyFS7PkiUNFaE1rDXeQl0u38M725JRZF3HCsST7.jpg\"><img loading=\"lazy\" decoding=\"async\" class=\"aligncenter wp-image-434\" src=\"http:\/\/gss1.org\/wp-content\/uploads\/2014\/12\/altAmaeobyFS7PkiUNFaE1rDXeQl0u38M725JRZF3HCsST7.jpg\" alt=\"altAmaeobyFS7PkiUNFaE1rDXeQl0u38M725JRZF3HCsST7\" width=\"169\" height=\"300\" \/><\/a><strong>Dalila Santos de Castro<\/strong><\/p>\n<ul>\n<li>Nascimento, 15 de Mar\u00e7o de 1999 &#8211; Timon-MA<\/li>\n<li>Cursando T\u00e9cnico em Administra\u00e7\u00e3o no IFMA<\/li>\n<li>2\u00aa Secretaria na GSS<\/li>\n<\/ul>\n<p><a href=\"https:\/\/www.facebook.com\/dallyla.castro.1\"><img loading=\"lazy\" decoding=\"async\" class=\"aligncenter wp-image-412\" src=\"http:\/\/gss1.org\/wp-content\/uploads\/2014\/12\/Facebook.png\" alt=\"Facebook\" width=\"50\" height=\"50\" \/><\/a><\/p>\n<p>&nbsp;<\/p>\n<p>&nbsp;<\/p>\n<p>&nbsp;<\/p>\n","protected":false},"excerpt":{"rendered":"<p>Dalila Santos de Castro Nascimento, 15 de Mar\u00e7o de 1999 &#8211; Timon-MA Cursando T\u00e9cnico em Administra\u00e7\u00e3o no IFMA 2\u00aa Secretaria na GSS &nbsp; &nbsp; &nbsp;<\/p>\n","protected":false},"author":2,"featured_media":0,"parent":14,"menu_order":8,"comment_status":"closed","ping_status":"closed","template":"","meta":{"footnotes":""},"class_list":["post-392","page","type-page","status-publish","hentry"],"_links":{"self":[{"href":"https:\/\/gss1.org\/index.php?rest_route=\/wp\/v2\/pages\/392","targetHints":{"allow":["GET"]}}],"collection":[{"href":"https:\/\/gss1.org\/index.php?rest_route=\/wp\/v2\/pages"}],"about":[{"href":"https:\/\/gss1.org\/index.php?rest_route=\/wp\/v2\/types\/page"}],"author":[{"embeddable":true,"href":"https:\/\/gss1.org\/index.php?rest_route=\/wp\/v2\/users\/2"}],"replies":[{"embeddable":true,"href":"https:\/\/gss1.org\/index.php?rest_route=%2Fwp%2Fv2%2Fcomments&post=392"}],"version-history":[{"count":3,"href":"https:\/\/gss1.org\/index.php?rest_route=\/wp\/v2\/pages\/392\/revisions"}],"predecessor-version":[{"id":436,"href":"https:\/\/gss1.org\/index.php?rest_route=\/wp\/v2\/pages\/392\/revisions\/436"}],"up":[{"embeddable":true,"href":"https:\/\/gss1.org\/index.php?rest_route=\/wp\/v2\/pages\/14"}],"wp:attachment":[{"href":"https:\/\/gss1.org\/index.php?rest_route=%2Fwp%2Fv2%2Fmedia&parent=392"}],"curies":[{"name":"wp","href":"https:\/\/api.w.org\/{rel}","templated":true}]}}