{"id":46,"date":"2014-12-09T13:27:39","date_gmt":"2014-12-09T13:27:39","guid":{"rendered":"http:\/\/gss1.org\/?page_id=46"},"modified":"2015-02-10T11:22:19","modified_gmt":"2015-02-10T11:22:19","slug":"pesquisa","status":"publish","type":"page","link":"https:\/\/gss1.org\/?page_id=46","title":{"rendered":"PESQUISA"},"content":{"rendered":"<p><a href=\"http:\/\/gss1.org\/wp-content\/uploads\/2014\/12\/logo-gss.png\"><img loading=\"lazy\" decoding=\"async\" class=\"aligncenter  wp-image-115\" src=\"http:\/\/gss1.org\/wp-content\/uploads\/2014\/12\/logo-gss.png\" alt=\"logo gss\" width=\"96\" height=\"97\" \/><\/a><\/p>\n<p>&nbsp;<\/p>\n<p style=\"text-align: justify;\">A <strong>GSS,<\/strong> procurar\u00e1 \u00a0as melhores institui\u00e7\u00f5es acad\u00eamicas regionais e internacionais, acad\u00eamicos nas \u00e1reas das ci\u00eancias naturais e pesquisadores, os quais aceitem trabalhar em conjunto com estudantes e pesquisadores da GSS no intuito de unir esfor\u00e7os em desenvolver ferramentas que contribuam no desenvolvimento da humanidade.<\/p>\n","protected":false},"excerpt":{"rendered":"<p>&nbsp; A GSS, procurar\u00e1 \u00a0as melhores institui\u00e7\u00f5es acad\u00eamicas regionais e internacionais, acad\u00eamicos nas \u00e1reas das ci\u00eancias naturais e pesquisadores, os quais aceitem trabalhar em conjunto com estudantes e pesquisadores da GSS no intuito de unir esfor\u00e7os em desenvolver ferramentas que contribuam no desenvolvimento da humanidade.<\/p>\n","protected":false},"author":2,"featured_media":0,"parent":44,"menu_order":0,"comment_status":"closed","ping_status":"closed","template":"","meta":{"footnotes":""},"class_list":["post-46","page","type-page","status-publish","hentry"],"_links":{"self":[{"href":"https:\/\/gss1.org\/index.php?rest_route=\/wp\/v2\/pages\/46","targetHints":{"allow":["GET"]}}],"collection":[{"href":"https:\/\/gss1.org\/index.php?rest_route=\/wp\/v2\/pages"}],"about":[{"href":"https:\/\/gss1.org\/index.php?rest_route=\/wp\/v2\/types\/page"}],"author":[{"embeddable":true,"href":"https:\/\/gss1.org\/index.php?rest_route=\/wp\/v2\/users\/2"}],"replies":[{"embeddable":true,"href":"https:\/\/gss1.org\/index.php?rest_route=%2Fwp%2Fv2%2Fcomments&post=46"}],"version-history":[{"count":4,"href":"https:\/\/gss1.org\/index.php?rest_route=\/wp\/v2\/pages\/46\/revisions"}],"predecessor-version":[{"id":227,"href":"https:\/\/gss1.org\/index.php?rest_route=\/wp\/v2\/pages\/46\/revisions\/227"}],"up":[{"embeddable":true,"href":"https:\/\/gss1.org\/index.php?rest_route=\/wp\/v2\/pages\/44"}],"wp:attachment":[{"href":"https:\/\/gss1.org\/index.php?rest_route=%2Fwp%2Fv2%2Fmedia&parent=46"}],"curies":[{"name":"wp","href":"https:\/\/api.w.org\/{rel}","templated":true}]}}