{"id":48,"date":"2014-12-09T13:27:59","date_gmt":"2014-12-09T13:27:59","guid":{"rendered":"http:\/\/gss1.org\/?page_id=48"},"modified":"2015-02-10T11:21:47","modified_gmt":"2015-02-10T11:21:47","slug":"ensino","status":"publish","type":"page","link":"https:\/\/gss1.org\/?page_id=48","title":{"rendered":"ENSINO"},"content":{"rendered":"<p><a href=\"http:\/\/gss1.org\/wp-content\/uploads\/2014\/12\/logo-gss.png\"><img loading=\"lazy\" decoding=\"async\" class=\"aligncenter  wp-image-115\" src=\"http:\/\/gss1.org\/wp-content\/uploads\/2014\/12\/logo-gss.png\" alt=\"logo gss\" width=\"90\" height=\"91\" \/><\/a><\/p>\n<p style=\"text-align: justify;\">A GSS estar\u00e1 sempre \u00e0\u00a0procura de novas parcerias com institui\u00e7\u00f5es de Ensino que tenham entre seus objetivos trabalhar em conjunto para desenvolver modelos de Ensino-Aprendizagem em ci\u00eancia, os quais sejam\u00a0acess\u00edveis por todos, aplic\u00e1veis na vida di\u00e1ria e eficientes em todas as circunstancias que os padr\u00f5es atuais exigem.<\/p>\n","protected":false},"excerpt":{"rendered":"<p>A GSS estar\u00e1 sempre \u00e0\u00a0procura de novas parcerias com institui\u00e7\u00f5es de Ensino que tenham entre seus objetivos trabalhar em conjunto para desenvolver modelos de Ensino-Aprendizagem em ci\u00eancia, os quais sejam\u00a0acess\u00edveis por todos, aplic\u00e1veis na vida di\u00e1ria e eficientes em todas as circunstancias que os padr\u00f5es atuais exigem.<\/p>\n","protected":false},"author":2,"featured_media":0,"parent":44,"menu_order":0,"comment_status":"closed","ping_status":"closed","template":"","meta":{"footnotes":""},"class_list":["post-48","page","type-page","status-publish","hentry"],"_links":{"self":[{"href":"https:\/\/gss1.org\/index.php?rest_route=\/wp\/v2\/pages\/48","targetHints":{"allow":["GET"]}}],"collection":[{"href":"https:\/\/gss1.org\/index.php?rest_route=\/wp\/v2\/pages"}],"about":[{"href":"https:\/\/gss1.org\/index.php?rest_route=\/wp\/v2\/types\/page"}],"author":[{"embeddable":true,"href":"https:\/\/gss1.org\/index.php?rest_route=\/wp\/v2\/users\/2"}],"replies":[{"embeddable":true,"href":"https:\/\/gss1.org\/index.php?rest_route=%2Fwp%2Fv2%2Fcomments&post=48"}],"version-history":[{"count":2,"href":"https:\/\/gss1.org\/index.php?rest_route=\/wp\/v2\/pages\/48\/revisions"}],"predecessor-version":[{"id":218,"href":"https:\/\/gss1.org\/index.php?rest_route=\/wp\/v2\/pages\/48\/revisions\/218"}],"up":[{"embeddable":true,"href":"https:\/\/gss1.org\/index.php?rest_route=\/wp\/v2\/pages\/44"}],"wp:attachment":[{"href":"https:\/\/gss1.org\/index.php?rest_route=%2Fwp%2Fv2%2Fmedia&parent=48"}],"curies":[{"name":"wp","href":"https:\/\/api.w.org\/{rel}","templated":true}]}}