{"id":50,"date":"2014-12-09T13:28:45","date_gmt":"2014-12-09T13:28:45","guid":{"rendered":"http:\/\/gss1.org\/?page_id=50"},"modified":"2015-02-10T11:21:34","modified_gmt":"2015-02-10T11:21:34","slug":"divulgacao-cientifica","status":"publish","type":"page","link":"https:\/\/gss1.org\/?page_id=50","title":{"rendered":"DIVULGA\u00c7\u00c3O CIENT\u00cdFICA"},"content":{"rendered":"<p style=\"text-align: justify;\"><a href=\"http:\/\/gss1.org\/wp-content\/uploads\/2014\/12\/logo-gss.png\"><img loading=\"lazy\" decoding=\"async\" class=\"aligncenter  wp-image-115\" src=\"http:\/\/gss1.org\/wp-content\/uploads\/2014\/12\/logo-gss.png\" alt=\"logo gss\" width=\"77\" height=\"78\" \/><\/a><\/p>\n<p style=\"text-align: justify;\">A <strong>GSS,<\/strong> procurar\u00e1 \u00a0as melhores institui\u00e7\u00f5es acad\u00eamicas regionais e internacionais, as quais concordem e disponibilizar seus pesquisadores e professores para participar de eventos organizados pela GSS, bem\u00a0como manter uma rela\u00e7\u00e3o muito pr\u00f3xima de cientistas independentes de renome, nas \u00e1reas de F\u00edsica, Qu\u00edmica, Biol\u00f3gica, Astronomia, Astrof\u00edsica, Cosmologia, Astrobiologia, Matem\u00e1tica, entre outros. Os quais, se disponham a contribuir voluntariamente com o objetivo de melhorar nosso entendimento do universo do qual fazemos parte, assim tamb\u00e9m como aproximar \u00e0 sociedade do m\u00e9todo usado pela ci\u00eancia.<\/p>\n","protected":false},"excerpt":{"rendered":"<p>A GSS, procurar\u00e1 \u00a0as melhores institui\u00e7\u00f5es acad\u00eamicas regionais e internacionais, as quais concordem e disponibilizar seus pesquisadores e professores para participar de eventos organizados pela GSS, bem\u00a0como manter uma rela\u00e7\u00e3o muito pr\u00f3xima de cientistas independentes de renome, nas \u00e1reas de F\u00edsica, Qu\u00edmica, Biol\u00f3gica, Astronomia, Astrof\u00edsica, Cosmologia, Astrobiologia, Matem\u00e1tica, entre outros. Os quais, se disponham a [&hellip;]<\/p>\n","protected":false},"author":2,"featured_media":0,"parent":44,"menu_order":0,"comment_status":"closed","ping_status":"closed","template":"","meta":{"footnotes":""},"class_list":["post-50","page","type-page","status-publish","hentry"],"_links":{"self":[{"href":"https:\/\/gss1.org\/index.php?rest_route=\/wp\/v2\/pages\/50","targetHints":{"allow":["GET"]}}],"collection":[{"href":"https:\/\/gss1.org\/index.php?rest_route=\/wp\/v2\/pages"}],"about":[{"href":"https:\/\/gss1.org\/index.php?rest_route=\/wp\/v2\/types\/page"}],"author":[{"embeddable":true,"href":"https:\/\/gss1.org\/index.php?rest_route=\/wp\/v2\/users\/2"}],"replies":[{"embeddable":true,"href":"https:\/\/gss1.org\/index.php?rest_route=%2Fwp%2Fv2%2Fcomments&post=50"}],"version-history":[{"count":3,"href":"https:\/\/gss1.org\/index.php?rest_route=\/wp\/v2\/pages\/50\/revisions"}],"predecessor-version":[{"id":208,"href":"https:\/\/gss1.org\/index.php?rest_route=\/wp\/v2\/pages\/50\/revisions\/208"}],"up":[{"embeddable":true,"href":"https:\/\/gss1.org\/index.php?rest_route=\/wp\/v2\/pages\/44"}],"wp:attachment":[{"href":"https:\/\/gss1.org\/index.php?rest_route=%2Fwp%2Fv2%2Fmedia&parent=50"}],"curies":[{"name":"wp","href":"https:\/\/api.w.org\/{rel}","templated":true}]}}