{"id":52,"date":"2014-12-09T13:31:01","date_gmt":"2014-12-09T13:31:01","guid":{"rendered":"http:\/\/gss1.org\/?page_id=52"},"modified":"2015-02-10T11:22:24","modified_gmt":"2015-02-10T11:22:24","slug":"sistemas-e-sofware","status":"publish","type":"page","link":"https:\/\/gss1.org\/?page_id=52","title":{"rendered":"SISTEMAS E SOFWARE"},"content":{"rendered":"<p style=\"text-align: justify;\">A <strong>GSS,<\/strong>\u00a0esta sempre \u00e0 procura de parceria com\u00a0as melhores institui\u00e7\u00f5es de tecnologia da informa\u00e7\u00e3o, Sistemas Computacionais, Inteligencia Artificial, e Grupos independentes cujos objetivos sejam compat\u00edveis com os da GSS. Com a finalidade compartilhar tecnologias ou trabalhar em conjunto no desenvolvimento de tecnologias para uso da pr\u00f3pria institui\u00e7\u00e3o, uso comercial ou de livre uso.<\/p>\n","protected":false},"excerpt":{"rendered":"<p>A GSS,\u00a0esta sempre \u00e0 procura de parceria com\u00a0as melhores institui\u00e7\u00f5es de tecnologia da informa\u00e7\u00e3o, Sistemas Computacionais, Inteligencia Artificial, e Grupos independentes cujos objetivos sejam compat\u00edveis com os da GSS. Com a finalidade compartilhar tecnologias ou trabalhar em conjunto no desenvolvimento de tecnologias para uso da pr\u00f3pria institui\u00e7\u00e3o, uso comercial ou de livre uso.<\/p>\n","protected":false},"author":2,"featured_media":0,"parent":44,"menu_order":0,"comment_status":"closed","ping_status":"closed","template":"","meta":{"footnotes":""},"class_list":["post-52","page","type-page","status-publish","hentry"],"_links":{"self":[{"href":"https:\/\/gss1.org\/index.php?rest_route=\/wp\/v2\/pages\/52","targetHints":{"allow":["GET"]}}],"collection":[{"href":"https:\/\/gss1.org\/index.php?rest_route=\/wp\/v2\/pages"}],"about":[{"href":"https:\/\/gss1.org\/index.php?rest_route=\/wp\/v2\/types\/page"}],"author":[{"embeddable":true,"href":"https:\/\/gss1.org\/index.php?rest_route=\/wp\/v2\/users\/2"}],"replies":[{"embeddable":true,"href":"https:\/\/gss1.org\/index.php?rest_route=%2Fwp%2Fv2%2Fcomments&post=52"}],"version-history":[{"count":8,"href":"https:\/\/gss1.org\/index.php?rest_route=\/wp\/v2\/pages\/52\/revisions"}],"predecessor-version":[{"id":244,"href":"https:\/\/gss1.org\/index.php?rest_route=\/wp\/v2\/pages\/52\/revisions\/244"}],"up":[{"embeddable":true,"href":"https:\/\/gss1.org\/index.php?rest_route=\/wp\/v2\/pages\/44"}],"wp:attachment":[{"href":"https:\/\/gss1.org\/index.php?rest_route=%2Fwp%2Fv2%2Fmedia&parent=52"}],"curies":[{"name":"wp","href":"https:\/\/api.w.org\/{rel}","templated":true}]}}