{"id":557,"date":"2015-04-14T20:17:41","date_gmt":"2015-04-14T20:17:41","guid":{"rendered":"http:\/\/gss1.org\/?page_id=557"},"modified":"2015-04-15T11:07:03","modified_gmt":"2015-04-15T11:07:03","slug":"oculares-net","status":"publish","type":"page","link":"https:\/\/gss1.org\/?page_id=557","title":{"rendered":"Oculares Net"},"content":{"rendered":"<dl class=\"wp-caption aligncenter\" style=\"width: 407px;\">\n<dt class=\"wp-caption-dt\">\n<figure style=\"width: 527px\" class=\"wp-caption aligncenter\"><a href=\"http:\/\/ocularesnet.com\/\"><img loading=\"lazy\" decoding=\"async\" class=\"\" src=\"https:\/\/scontent-gru.xx.fbcdn.net\/hphotos-xfa1\/v\/t1.0-9\/10443296_1557069504564977_2423775859580659911_n.png?oh=0a71a46910d3c2d6f14038bfa103f014&amp;oe=559FD33C\" alt=\"\" width=\"527\" height=\"526\" \/><\/a><figcaption class=\"wp-caption-text\">Oculares Net \u00e9 uma loja virtual especializada no segmento de produtos para astronomia amadora.<\/figcaption><\/figure>\n<\/dt>\n<dd class=\"wp-caption-dd\"><\/dd>\n<\/dl>\n<p style=\"text-align: justify;\">Desde Abril de 2015 a <a href=\"http:\/\/gss1.org\/\">GSS<\/a> tem uma parceria com a loja virtual \u00a0<strong><a href=\"http:\/\/ocularesnet.com\/\">Oculares Net<\/a>, <\/strong>para o fornecimento de instrumentos \u00f3pticos a serem usados nos projetos de Astronomia desenvolvidos pela GSS.\u00a0A <a href=\"http:\/\/ocularesnet.com\/\">Oculares Net<\/a>\u00a0 se tornou assim a primeira empresa do Sul do Brasil a patrocinar projetos de Astronomia e Divulga\u00e7\u00e3o cientifica no Piau\u00ed<\/p>\n<p style=\"text-align: justify;\">Fundada em agosto de 2014, com sede em S\u00e3o Jos\u00e9 dos Pinhais \u2013 Paran\u00e1 (Brasil), a Oculares Net \u00e9 uma loja Virtual que se prop\u00f5e a oferecer ao mercado nacional produtos de verdadeira qualidade no segmento de astronomia. Os produtos Ofertados na Oculares Net s\u00e3o de marcas reconhecidas no mercado mundial, de 1\u00aa linha para oferecer qualidade ao astr\u00f4nomo iniciante ou experiente, os mesmos que s\u00e3o inspecionados no recebimento para um controle de qualidade e agora alguns produtos ser\u00e3o fornecidos \u00e0 Graviton Scientific Society, os quais ser\u00e3o utilizados e\u00a0testados nos diversos projetos de Astronomia desenvolvidos pela mesma e em parceria com outras institui\u00e7\u00f5es publicas e privadas.<\/p>\n<p style=\"text-align: justify;\">Contato: suporteocularesnet@gmail.com<\/p>\n<p style=\"text-align: justify;\">Visite:\u00a0<a href=\"http:\/\/ocularesnet.com\">http:\/\/ocularesnet.com<\/a>\/<\/p>\n<p style=\"text-align: justify;\">Curta; <a href=\"https:\/\/www.facebook.com\/pages\/Oculares-Net\/1514168998855028?fref=ts\">Oculares Net<\/a><\/p>\n<p style=\"text-align: justify;\">.<\/p>\n","protected":false},"excerpt":{"rendered":"<p>Desde Abril de 2015 a GSS tem uma parceria com a loja virtual \u00a0Oculares Net, para o fornecimento de instrumentos \u00f3pticos a serem usados nos projetos de Astronomia desenvolvidos pela GSS.\u00a0A Oculares Net\u00a0 se tornou assim a primeira empresa do Sul do Brasil a patrocinar projetos de Astronomia e Divulga\u00e7\u00e3o cientifica no Piau\u00ed Fundada em [&hellip;]<\/p>\n","protected":false},"author":4,"featured_media":0,"parent":555,"menu_order":0,"comment_status":"open","ping_status":"open","template":"","meta":{"footnotes":""},"class_list":["post-557","page","type-page","status-publish","hentry"],"_links":{"self":[{"href":"https:\/\/gss1.org\/index.php?rest_route=\/wp\/v2\/pages\/557","targetHints":{"allow":["GET"]}}],"collection":[{"href":"https:\/\/gss1.org\/index.php?rest_route=\/wp\/v2\/pages"}],"about":[{"href":"https:\/\/gss1.org\/index.php?rest_route=\/wp\/v2\/types\/page"}],"author":[{"embeddable":true,"href":"https:\/\/gss1.org\/index.php?rest_route=\/wp\/v2\/users\/4"}],"replies":[{"embeddable":true,"href":"https:\/\/gss1.org\/index.php?rest_route=%2Fwp%2Fv2%2Fcomments&post=557"}],"version-history":[{"count":5,"href":"https:\/\/gss1.org\/index.php?rest_route=\/wp\/v2\/pages\/557\/revisions"}],"predecessor-version":[{"id":560,"href":"https:\/\/gss1.org\/index.php?rest_route=\/wp\/v2\/pages\/557\/revisions\/560"}],"up":[{"embeddable":true,"href":"https:\/\/gss1.org\/index.php?rest_route=\/wp\/v2\/pages\/555"}],"wp:attachment":[{"href":"https:\/\/gss1.org\/index.php?rest_route=%2Fwp%2Fv2%2Fmedia&parent=557"}],"curies":[{"name":"wp","href":"https:\/\/api.w.org\/{rel}","templated":true}]}}