{"id":7,"date":"2014-12-09T13:08:23","date_gmt":"2014-12-09T13:08:23","guid":{"rendered":"http:\/\/gss1.org\/?page_id=7"},"modified":"2015-02-10T11:11:10","modified_gmt":"2015-02-10T11:11:10","slug":"historia","status":"publish","type":"page","link":"https:\/\/gss1.org\/?page_id=7","title":{"rendered":"HIST\u00d3RIA"},"content":{"rendered":"<p><a href=\"http:\/\/gss1.org\/wp-content\/uploads\/2014\/12\/logo-gss.png\"><img loading=\"lazy\" decoding=\"async\" class=\"wp-image-115 aligncenter\" src=\"http:\/\/gss1.org\/wp-content\/uploads\/2014\/12\/logo-gss.png\" alt=\"logo gss\" width=\"79\" height=\"79\" \/><\/a><\/p>\n<p style=\"text-align: justify;\">No come\u00e7o do ano 2014 um grupo de estudantes de f\u00edsica do IFPI-Teresina Central e da UFPI, criaram um grupo denominado <a href=\"http:\/\/www.projetograviton.net\/\"><strong>&#8220;Projeto Gr\u00e1viton<\/strong><\/a>&#8220;, o qual tinha entre seus objetivos trabalhar em prol do aperfei\u00e7oamento de alguns m\u00e9todos de Ensino-Aprendizagem em ci\u00eancias e da aproximar\u00a0a ci\u00eancia da\u00a0sociedade.\u00a0Para tais objetivos, este grupo desenvolveu\u00a0ao longo do ano, alem de um projeto na \u00e1rea de Ensino, palestras e minicursos abertos ao publico em parceria com IFPI-Teresina Central. Com a finalidade cumprir os objetivos propostos pelo grupo e ir alem, o Projeto Graviton deu Origem \u00e0 GRAVITON SCIENTIFIC SOCIETY &#8211; GSS.<\/p>\n<p style=\"text-align: justify;\"><strong>A<\/strong><a href=\"http:\/\/gss1.org\/wp-content\/uploads\/2014\/12\/STATUTO-GSS-OK.pdf\"><strong> GSS<\/strong><\/a> \u00e9 uma associa\u00e7\u00e3o civil, Pessoa jur\u00eddica de direito privado, sem fins lucrativos, independente, laica e sem car\u00e1ter pol\u00edtico-partid\u00e1rio, cujo objetivo principal \u00e9 unir pessoas que almejem utilizar a ci\u00eancia para promover um futuro melhor para a sociedade como um todo, \u00a0velar pela populariza\u00e7\u00e3o do conhecimento cientifico, contribuir para o desenvolvimento cient\u00edfico e tecnol\u00f3gico da humanidade;\u00a0promover e facilitar a divulga\u00e7\u00e3o e a coopera\u00e7\u00e3o do conhecimento cient\u00edfico entre os pesquisadores;\u00a0zelar pela integridade pessoal e profissional dos cientistas, futuros cientistas, t\u00e9cnicos e demais associados a GSS; entre outros.<\/p>\n<p style=\"text-align: justify;\">Espera-se que o trabalho desenvolvido pela GSS inspire futuras gera\u00e7\u00f5es de cientistas e pesquisadores nas diversas \u00e1reas os quais sejam conscientes que o conhecimento cientifico deveria ser um direito para todo ser humano e ao mesmo tempo que a ci\u00eancia \u00e9 um empreendimento coletivo, que deveria unir todas as pessoas e institui\u00e7\u00f5es na procura por um futuro melhor para nossa civiliza\u00e7\u00e3o.<\/p>\n","protected":false},"excerpt":{"rendered":"<p>No come\u00e7o do ano 2014 um grupo de estudantes de f\u00edsica do IFPI-Teresina Central e da UFPI, criaram um grupo denominado &#8220;Projeto Gr\u00e1viton&#8220;, o qual tinha entre seus objetivos trabalhar em prol do aperfei\u00e7oamento de alguns m\u00e9todos de Ensino-Aprendizagem em ci\u00eancias e da aproximar\u00a0a ci\u00eancia da\u00a0sociedade.\u00a0Para tais objetivos, este grupo desenvolveu\u00a0ao longo do ano, alem [&hellip;]<\/p>\n","protected":false},"author":2,"featured_media":0,"parent":5,"menu_order":0,"comment_status":"closed","ping_status":"closed","template":"","meta":{"footnotes":""},"class_list":["post-7","page","type-page","status-publish","hentry"],"_links":{"self":[{"href":"https:\/\/gss1.org\/index.php?rest_route=\/wp\/v2\/pages\/7","targetHints":{"allow":["GET"]}}],"collection":[{"href":"https:\/\/gss1.org\/index.php?rest_route=\/wp\/v2\/pages"}],"about":[{"href":"https:\/\/gss1.org\/index.php?rest_route=\/wp\/v2\/types\/page"}],"author":[{"embeddable":true,"href":"https:\/\/gss1.org\/index.php?rest_route=\/wp\/v2\/users\/2"}],"replies":[{"embeddable":true,"href":"https:\/\/gss1.org\/index.php?rest_route=%2Fwp%2Fv2%2Fcomments&post=7"}],"version-history":[{"count":7,"href":"https:\/\/gss1.org\/index.php?rest_route=\/wp\/v2\/pages\/7\/revisions"}],"predecessor-version":[{"id":224,"href":"https:\/\/gss1.org\/index.php?rest_route=\/wp\/v2\/pages\/7\/revisions\/224"}],"up":[{"embeddable":true,"href":"https:\/\/gss1.org\/index.php?rest_route=\/wp\/v2\/pages\/5"}],"wp:attachment":[{"href":"https:\/\/gss1.org\/index.php?rest_route=%2Fwp%2Fv2%2Fmedia&parent=7"}],"curies":[{"name":"wp","href":"https:\/\/api.w.org\/{rel}","templated":true}]}}